{"id":19,"date":"2023-07-14T14:26:48","date_gmt":"2023-07-14T14:26:48","guid":{"rendered":"https:\/\/galasbeautyspa.com\/?page_id=19"},"modified":"2023-07-27T17:06:24","modified_gmt":"2023-07-27T17:06:24","slug":"about-us","status":"publish","type":"page","link":"http:\/\/galasbeautyspa.com\/es\/about-us\/","title":{"rendered":"Sobre Nosotros"},"content":{"rendered":"<p>[et_pb_section fb_built=&#8221;1&#8243; next_background_color=&#8221;#f7eee8&#8243; admin_label=&#8221;Header&#8221; _builder_version=&#8221;4.21.0&#8243; _module_preset=&#8221;default&#8221; use_background_color_gradient=&#8221;on&#8221; background_color_gradient_direction=&#8221;90deg&#8221; background_color_gradient_stops=&#8221;rgba(196,114,146,0.76) 0%|rgba(15,33,61,0.5) 100%&#8221; background_color_gradient_overlays_image=&#8221;on&#8221; background_color_gradient_start=&#8221;rgba(0,0,0,0.71)&#8221; background_color_gradient_end=&#8221;rgba(0,0,0,0)&#8221; background_image=&#8221;http:\/\/galasbeautyspa.com\/wp-content\/uploads\/2023\/07\/belleza-spa.jpg&#8221; parallax=&#8221;on&#8221; parallax_method=&#8221;off&#8221; custom_padding=&#8221;6vw||6vw||true|false&#8221; bottom_divider_style=&#8221;wave2&#8243; hover_enabled=&#8221;0&#8243; global_colors_info=&#8221;{}&#8221; custom_padding_last_edited=&#8221;on|phone&#8221; sticky_enabled=&#8221;0&#8243; custom_padding_tablet=&#8221;||10vw||false|false&#8221; custom_padding_phone=&#8221;||20vw||false|false&#8221;][et_pb_row _builder_version=&#8221;4.16&#8243; _module_preset=&#8221;default&#8221; global_colors_info=&#8221;{}&#8221;][et_pb_column type=&#8221;4_4&#8243; _builder_version=&#8221;4.16&#8243; _module_preset=&#8221;default&#8221; global_colors_info=&#8221;{}&#8221;][et_pb_text _builder_version=&#8221;4.21.0&#8243; _module_preset=&#8221;bc3df28d-7a1e-4346-9b94-aa11c48ce922&#8243; header_4_font=&#8221;Tajawal|700||on|||||&#8221; header_4_text_color=&#8221;#FFFFFF&#8221; header_4_font_size=&#8221;14px&#8221; header_4_letter_spacing=&#8221;2px&#8221; header_4_line_height=&#8221;1.5em&#8221; custom_margin=&#8221;||0px||false|false&#8221; header_4_font_size_tablet=&#8221;13px&#8221; header_4_font_size_phone=&#8221;12px&#8221; header_4_font_size_last_edited=&#8221;on|phone&#8221; locked=&#8221;off&#8221; global_colors_info=&#8221;{}&#8221;]<\/p>\n<h4>Galas Beauty Spa<\/h4>\n<p>[\/et_pb_text][et_pb_text _builder_version=&#8221;4.21.0&#8243; _module_preset=&#8221;b0bf5418-994a-43d1-aef8-7d7c6764119d&#8221; header_font=&#8221;Tajawal|900|||||||&#8221; header_text_color=&#8221;#FFFFFF&#8221; header_font_size=&#8221;100px&#8221; max_width=&#8221;900px&#8221; header_font_size_tablet=&#8221;50px&#8221; header_font_size_phone=&#8221;32px&#8221; header_font_size_last_edited=&#8221;on|phone&#8221; locked=&#8221;off&#8221; global_colors_info=&#8221;{}&#8221;]<\/p>\n<h1>Sobre Nosotros<\/h1>\n<p>[\/et_pb_text][\/et_pb_column][\/et_pb_row][\/et_pb_section][et_pb_section fb_built=&#8221;1&#8243; admin_label=&#8221;About&#8221; _builder_version=&#8221;4.21.0&#8243; _module_preset=&#8221;default&#8221; background_color=&#8221;#f7eee8&#8243; background_enable_image=&#8221;off&#8221; background_position=&#8221;top_center&#8221; hover_enabled=&#8221;0&#8243; global_colors_info=&#8221;{}&#8221; custom_padding=&#8221;||||false&#8221; custom_padding_last_edited=&#8221;on|phone&#8221; sticky_enabled=&#8221;0&#8243; custom_padding_phone=&#8221;||100px||false|false&#8221; custom_padding_tablet=&#8221;||||false&#8221;][et_pb_row column_structure=&#8221;1_2,1_2&#8243; _builder_version=&#8221;4.21.0&#8243; _module_preset=&#8221;default&#8221; global_colors_info=&#8221;{}&#8221;][et_pb_column type=&#8221;1_2&#8243; _builder_version=&#8221;4.21.0&#8243; _module_preset=&#8221;default&#8221; scroll_vertical_motion_enable=&#8221;on&#8221; scroll_vertical_motion=&#8221;0|50|50|100|1|0|-1&#8243; motion_trigger_start=&#8221;top&#8221; global_colors_info=&#8221;{}&#8221;][et_pb_text _builder_version=&#8221;4.21.0&#8243; _module_preset=&#8221;2e1ca0a8-a515-4ca3-8814-65eea4b82393&#8243; text_font=&#8221;||||||||&#8221; text_text_color=&#8221;#666666&#8243; text_font_size=&#8221;16px&#8221; text_line_height=&#8221;1.8em&#8221; link_font=&#8221;|700|||||||&#8221; link_text_color=&#8221;#71B100&#8243; text_font_size_tablet=&#8221;15px&#8221; text_font_size_phone=&#8221;14px&#8221; text_font_size_last_edited=&#8221;on|desktop&#8221; locked=&#8221;off&#8221; global_colors_info=&#8221;{}&#8221;]<\/p>\n<p>Galas es un spa ubicado en Orlando West, Kissimmee, que ofrece una experiencia \u00fanica de bienestar y belleza. Nuestro objetivo principal es brindar un oasis de relajaci\u00f3n y rejuvenecimiento para las mujeres que buscan cuidar su apariencia y bienestar, pero que enfrentan limitaciones de tiempo debido a sus agendas ocupadas.<\/p>\n<p>En Galas, nos especializamos en una variedad de servicios dise\u00f1ados para satisfacer las necesidades de nuestras clientas. Nuestra oferta incluye tratamientos faciales personalizados, como faciales relajantes y antiedad, que se adaptan a las necesidades espec\u00edficas de cada piel. Tambi\u00e9n ofrecemos servicios de lipolaser no invasivo, maderoterapia, electroestimulaci\u00f3n y plataforma vibratoria para ayudar a tonificar el cuerpo, reducir grasa y mejorar la forma f\u00edsica. Complementamos estos tratamientos con opciones como sauna y masajes terap\u00e9uticos, que promueven la relajaci\u00f3n profunda y el alivio del estr\u00e9s.<\/p>\n<p>[\/et_pb_text][et_pb_image src=&#8221;http:\/\/galasbeautyspa.com\/wp-content\/uploads\/2023\/07\/Free-Photo-_-Close-up-of-a-therapist-hand-massaging-woman_s-back-with-hot-towel-in-spa.jpg&#8221; title_text=&#8221;Free Photo _ Close-up of a therapist hand massaging woman_s back with hot towel in spa&#8221; _builder_version=&#8221;4.21.0&#8243; _module_preset=&#8221;default&#8221; border_width_all=&#8221;1vw&#8221; border_color_all=&#8221;#C47292&#8243; locked=&#8221;off&#8221; global_colors_info=&#8221;{}&#8221;][\/et_pb_image][\/et_pb_column][et_pb_column type=&#8221;1_2&#8243; _builder_version=&#8221;4.21.0&#8243; _module_preset=&#8221;default&#8221; scroll_vertical_motion_enable=&#8221;on&#8221; scroll_vertical_motion=&#8221;0|50|50|100|-1|0|1&#8243; motion_trigger_start=&#8221;top&#8221; global_colors_info=&#8221;{}&#8221;][et_pb_image src=&#8221;http:\/\/galasbeautyspa.com\/wp-content\/uploads\/2023\/07\/descarga-1-scaled.jpg&#8221; title_text=&#8221;descarga (1)&#8221; _builder_version=&#8221;4.21.0&#8243; _module_preset=&#8221;default&#8221; border_width_all=&#8221;1vw&#8221; border_color_all=&#8221;#0F213D&#8221; locked=&#8221;off&#8221; global_colors_info=&#8221;{}&#8221;][\/et_pb_image][et_pb_text _builder_version=&#8221;4.21.0&#8243; _module_preset=&#8221;2e1ca0a8-a515-4ca3-8814-65eea4b82393&#8243; text_font=&#8221;||||||||&#8221; text_text_color=&#8221;#666666&#8243; text_font_size=&#8221;16px&#8221; text_line_height=&#8221;1.8em&#8221; link_font=&#8221;|700|||||||&#8221; link_text_color=&#8221;#71B100&#8243; text_font_size_tablet=&#8221;15px&#8221; text_font_size_phone=&#8221;14px&#8221; text_font_size_last_edited=&#8221;on|desktop&#8221; locked=&#8221;off&#8221; global_colors_info=&#8221;{}&#8221;]<\/p>\n<p>En Galas, nos enorgullece contar con un equipo de profesionales altamente capacitados y comprometidos en brindar una experiencia excepcional a nuestros clientes. Nos esforzamos por ofrecer servicios de calidad, utilizando productos y t\u00e9cnicas de vanguardia para garantizar resultados \u00f3ptimos.<\/p>\n<p>Adem\u00e1s, nos preocupamos por el bienestar integral de nuestras clientas y nos esforzamos por crear un ambiente acogedor y relajante en nuestro spa. Queremos que cada visita a Galas sea una experiencia memorable, donde las mujeres puedan desconectar, cuidarse a s\u00ed mismas y comenzar su camino hacia una mejor versi\u00f3n de s\u00ed mismas.<\/p>\n<p>[\/et_pb_text][\/et_pb_column][\/et_pb_row][\/et_pb_section][et_pb_section fb_built=&#8221;1&#8243; prev_background_color=&#8221;#f7eee8&#8243; next_background_color=&#8221;#f7eee8&#8243; admin_label=&#8221;Services&#8221; _builder_version=&#8221;4.21.0&#8243; _module_preset=&#8221;default&#8221; background_color=&#8221;#F6C2BA&#8221; use_background_color_gradient=&#8221;on&#8221; background_color_gradient_stops=&#8221;rgba(196,114,146,0.47) 0%|rgba(246,194,186,0.61) 100%&#8221; background_color_gradient_overlays_image=&#8221;on&#8221; background_image=&#8221;http:\/\/galasbeautyspa.com\/wp-content\/uploads\/2023\/07\/tierna-mujer-africana-descansando-relajante-ojos-cerrados-salon-spa.jpg&#8221; background_position=&#8221;top_center&#8221; custom_padding=&#8221;130px||130px||false|false&#8221; top_divider_style=&#8221;wave2&#8243; bottom_divider_style=&#8221;wave2&#8243; locked=&#8221;off&#8221; global_colors_info=&#8221;{}&#8221;][et_pb_row column_structure=&#8221;1_2,1_2&#8243; _builder_version=&#8221;4.21.0&#8243; _module_preset=&#8221;default&#8221; background_color=&#8221;#0F213D&#8221; custom_padding=&#8221;80px|80px|80px|80px|true|true&#8221; scroll_vertical_motion_enable=&#8221;on&#8221; scroll_vertical_motion=&#8221;0|50|50|100|1|0|-1&#8243; hover_enabled=&#8221;0&#8243; border_radii=&#8221;on|30px|30px|30px|30px&#8221; box_shadow_style=&#8221;preset1&#8243; global_colors_info=&#8221;{}&#8221; width_last_edited=&#8221;on|phone&#8221; sticky_enabled=&#8221;0&#8243; width_tablet=&#8221;100%&#8221; custom_padding_last_edited=&#8221;on|phone&#8221; custom_padding_tablet=&#8221;20px||20px||true|true&#8221; custom_padding_phone=&#8221;|20px||20px|true|true&#8221; width_phone=&#8221;94%&#8221;][et_pb_column type=&#8221;1_2&#8243; _builder_version=&#8221;4.21.0&#8243; _module_preset=&#8221;default&#8221; hover_enabled=&#8221;0&#8243; global_colors_info=&#8221;{}&#8221; sticky_enabled=&#8221;0&#8243;][et_pb_text _builder_version=&#8221;4.21.0&#8243; _module_preset=&#8221;c3c1179e-80e4-4396-b700-51b845e1c46f&#8221; header_2_font=&#8221;Tajawal|700|||||||&#8221; header_2_text_color=&#8221;#FFFFFF&#8221; header_2_font_size=&#8221;60px&#8221; header_2_font_size_tablet=&#8221;32px&#8221; header_2_font_size_phone=&#8221;20px&#8221; header_2_font_size_last_edited=&#8221;on|phone&#8221; text_orientation_tablet=&#8221;left&#8221; text_orientation_last_edited=&#8221;off|desktop&#8221; locked=&#8221;off&#8221; global_colors_info=&#8221;{}&#8221;]<\/p>\n<h2>Misi\u00f3n<\/h2>\n<p>[\/et_pb_text][et_pb_text _builder_version=&#8221;4.21.0&#8243; _module_preset=&#8221;2e1ca0a8-a515-4ca3-8814-65eea4b82393&#8243; text_font=&#8221;||||||||&#8221; text_text_color=&#8221;#FFFFFF&#8221; text_font_size=&#8221;16px&#8221; text_line_height=&#8221;1.8em&#8221; link_font=&#8221;|700|||||||&#8221; link_text_color=&#8221;#71B100&#8243; text_font_size_tablet=&#8221;15px&#8221; text_font_size_phone=&#8221;14px&#8221; text_font_size_last_edited=&#8221;on|desktop&#8221; locked=&#8221;off&#8221; global_colors_info=&#8221;{}&#8221;]<\/p>\n<p>En Galas, nuestra misi\u00f3n es proporcionar a las mujeres ocupadas, que luchan por encontrar tiempo para cuidarse y hacer ejercicio, soluciones integrales de bienestar y belleza. Nos comprometemos a ofrecer una amplia gama de servicios, incluyendo tratamientos faciales personalizados, que les permitan mantener una apariencia radiante y un estado de bienestar \u00f3ptimo. Nuestro objetivo es brindarles una experiencia \u00fanica y relajante, donde puedan encontrar un equilibrio entre sus responsabilidades diarias y su autocuidado.<\/p>\n<p>[\/et_pb_text][\/et_pb_column][et_pb_column type=&#8221;1_2&#8243; _builder_version=&#8221;4.16&#8243; _module_preset=&#8221;default&#8221; global_colors_info=&#8221;{}&#8221;][et_pb_text _builder_version=&#8221;4.21.0&#8243; _module_preset=&#8221;c3c1179e-80e4-4396-b700-51b845e1c46f&#8221; header_2_font=&#8221;Tajawal|700|||||||&#8221; header_2_text_color=&#8221;#FFFFFF&#8221; header_2_font_size=&#8221;60px&#8221; header_2_font_size_tablet=&#8221;32px&#8221; header_2_font_size_phone=&#8221;20px&#8221; header_2_font_size_last_edited=&#8221;on|phone&#8221; text_orientation_tablet=&#8221;left&#8221; text_orientation_last_edited=&#8221;off|desktop&#8221; locked=&#8221;off&#8221; global_colors_info=&#8221;{}&#8221;]<\/p>\n<h2>Visi\u00f3n<\/h2>\n<p>[\/et_pb_text][et_pb_text _builder_version=&#8221;4.21.0&#8243; _module_preset=&#8221;2e1ca0a8-a515-4ca3-8814-65eea4b82393&#8243; text_font=&#8221;||||||||&#8221; text_text_color=&#8221;#FFFFFF&#8221; text_font_size=&#8221;16px&#8221; text_line_height=&#8221;1.8em&#8221; link_font=&#8221;|700|||||||&#8221; link_text_color=&#8221;#71B100&#8243; text_font_size_tablet=&#8221;15px&#8221; text_font_size_phone=&#8221;14px&#8221; text_font_size_last_edited=&#8221;on|desktop&#8221; locked=&#8221;off&#8221; global_colors_info=&#8221;{}&#8221;]<\/p>\n<p>Nuestra visi\u00f3n es ser un refugio de confianza y apoyo para las mujeres que enfrentan limitaciones de tiempo, ayud\u00e1ndolas a priorizar su cuidado personal y bienestar. Aspiramos a ser reconocidos como l\u00edderes en el campo de la belleza y el bienestar, ofreciendo tratamientos faciales de calidad que se adapten a sus necesidades y objetivos espec\u00edficos. Buscamos proporcionar soluciones efectivas y pr\u00e1cticas que se integren f\u00e1cilmente en su estilo de vida ocupado, permiti\u00e9ndoles disfrutar de los beneficios de un cuidado facial experto sin sacrificar su tiempo y comodidad.<\/p>\n<p>[\/et_pb_text][\/et_pb_column][\/et_pb_row][\/et_pb_section]<\/p>","protected":false},"excerpt":{"rendered":"<p>Galas Beauty SpaAbout usGalas is a spa located in Orlando West, Kissimmee, offering a unique experience of well-being and beauty. Our main objective is to provide a sanctuary of relaxation and rejuvenation for women seeking to care for their appearance and well-being, despite time constraints due to their busy schedules. At Galas, we specialize in [&hellip;]<\/p>","protected":false},"author":1,"featured_media":0,"parent":0,"menu_order":0,"comment_status":"closed","ping_status":"closed","template":"","meta":{"_et_pb_use_builder":"on","_et_pb_old_content":"","_et_gb_content_width":""},"_links":{"self":[{"href":"http:\/\/galasbeautyspa.com\/es\/wp-json\/wp\/v2\/pages\/19"}],"collection":[{"href":"http:\/\/galasbeautyspa.com\/es\/wp-json\/wp\/v2\/pages"}],"about":[{"href":"http:\/\/galasbeautyspa.com\/es\/wp-json\/wp\/v2\/types\/page"}],"author":[{"embeddable":true,"href":"http:\/\/galasbeautyspa.com\/es\/wp-json\/wp\/v2\/users\/1"}],"replies":[{"embeddable":true,"href":"http:\/\/galasbeautyspa.com\/es\/wp-json\/wp\/v2\/comments?post=19"}],"version-history":[{"count":24,"href":"http:\/\/galasbeautyspa.com\/es\/wp-json\/wp\/v2\/pages\/19\/revisions"}],"predecessor-version":[{"id":612,"href":"http:\/\/galasbeautyspa.com\/es\/wp-json\/wp\/v2\/pages\/19\/revisions\/612"}],"wp:attachment":[{"href":"http:\/\/galasbeautyspa.com\/es\/wp-json\/wp\/v2\/media?parent=19"}],"curies":[{"name":"wp","href":"https:\/\/api.w.org\/{rel}","templated":true}]}}