{"id":443,"date":"2023-07-24T18:55:05","date_gmt":"2023-07-24T18:55:05","guid":{"rendered":"https:\/\/galasbeautyspa.com\/?page_id=443"},"modified":"2023-07-27T17:15:25","modified_gmt":"2023-07-27T17:15:25","slug":"wood-therapy","status":"publish","type":"page","link":"http:\/\/galasbeautyspa.com\/es\/wood-therapy\/","title":{"rendered":"Maderoterapia"},"content":{"rendered":"<p>[et_pb_section fb_built=&#8221;1&#8243; admin_label=&#8221;Header&#8221; _builder_version=&#8221;4.21.0&#8243; _module_preset=&#8221;default&#8221; use_background_color_gradient=&#8221;on&#8221; background_color_gradient_direction=&#8221;90deg&#8221; background_color_gradient_stops=&#8221;rgba(196,114,146,0.76) 0%|rgba(15,33,61,0.5) 100%&#8221; background_color_gradient_overlays_image=&#8221;on&#8221; background_color_gradient_start=&#8221;rgba(0,0,0,0.71)&#8221; background_color_gradient_end=&#8221;rgba(0,0,0,0)&#8221; background_image=&#8221;http:\/\/galasbeautyspa.com\/wp-content\/uploads\/2023\/07\/hora-relajarse-sauna_329181-1882.jpg&#8221; custom_padding=&#8221;6vw||6vw||true|false&#8221; bottom_divider_style=&#8221;wave2&#8243; bottom_divider_color=&#8221;#f7eee8&#8243; global_colors_info=&#8221;{}&#8221; custom_padding_phone=&#8221;||15vw||false|false&#8221; custom_padding_last_edited=&#8221;on|phone&#8221; custom_padding_tablet=&#8221;6vw||6vw||true|false&#8221;][et_pb_row _builder_version=&#8221;4.16&#8243; _module_preset=&#8221;default&#8221; global_colors_info=&#8221;{}&#8221;][et_pb_column type=&#8221;4_4&#8243; _builder_version=&#8221;4.16&#8243; _module_preset=&#8221;default&#8221; global_colors_info=&#8221;{}&#8221;][et_pb_text _builder_version=&#8221;4.21.0&#8243; _dynamic_attributes=&#8221;content&#8221; _module_preset=&#8221;b0bf5418-994a-43d1-aef8-7d7c6764119d&#8221; text_font=&#8221;Tajawal|800|||||||&#8221; text_text_color=&#8221;#FFFFFF&#8221; text_font_size=&#8221;60px&#8221; text_line_height=&#8221;1.6em&#8221; header_font=&#8221;Tajawal|900|||||||&#8221; header_text_color=&#8221;#FFFFFF&#8221; header_font_size=&#8221;100px&#8221; max_width=&#8221;900px&#8221; header_font_size_tablet=&#8221;50px&#8221; header_font_size_phone=&#8221;32px&#8221; header_font_size_last_edited=&#8221;on|phone&#8221; locked=&#8221;off&#8221; global_colors_info=&#8221;{}&#8221; text_font_size_tablet=&#8221;50px&#8221; text_font_size_phone=&#8221;40px&#8221; text_font_size_last_edited=&#8221;on|phone&#8221; text_line_height_phone=&#8221;1.2em&#8221; text_line_height_last_edited=&#8221;on|phone&#8221; text_line_height_tablet=&#8221;1.6em&#8221;]@ET-DC@eyJkeW5hbWljIjp0cnVlLCJjb250ZW50IjoicG9zdF90aXRsZSIsInNldHRpbmdzIjp7ImJlZm9yZSI6IiIsImFmdGVyIjoiIn19@[\/et_pb_text][\/et_pb_column][\/et_pb_row][\/et_pb_section][et_pb_section fb_built=&#8221;1&#8243; admin_label=&#8221;About&#8221; _builder_version=&#8221;4.21.0&#8243; _module_preset=&#8221;default&#8221; background_color=&#8221;#f7eee8&#8243; background_enable_image=&#8221;off&#8221; background_position=&#8221;top_center&#8221; locked=&#8221;off&#8221; global_colors_info=&#8221;{}&#8221;][et_pb_row column_structure=&#8221;1_2,1_2&#8243; _builder_version=&#8221;4.21.0&#8243; _module_preset=&#8221;default&#8221; global_colors_info=&#8221;{}&#8221;][et_pb_column type=&#8221;1_2&#8243; _builder_version=&#8221;4.21.0&#8243; _module_preset=&#8221;default&#8221; animation_style=&#8221;slide&#8221; animation_direction=&#8221;bottom&#8221; global_colors_info=&#8221;{}&#8221;][et_pb_text _builder_version=&#8221;4.21.0&#8243; _module_preset=&#8221;2e1ca0a8-a515-4ca3-8814-65eea4b82393&#8243; text_font=&#8221;||||||||&#8221; text_text_color=&#8221;#666666&#8243; text_font_size=&#8221;16px&#8221; text_line_height=&#8221;1.8em&#8221; link_font=&#8221;|700|||||||&#8221; link_text_color=&#8221;#71B100&#8243; text_font_size_tablet=&#8221;15px&#8221; text_font_size_phone=&#8221;14px&#8221; text_font_size_last_edited=&#8221;on|desktop&#8221; locked=&#8221;off&#8221; global_colors_info=&#8221;{}&#8221;]<\/p>\n<p>Experimenta los beneficios de la maderoterapia, una t\u00e9cnica terap\u00e9utica con maderas naturales. Nuestros servicios incluyen:<\/p>\n<p>[\/et_pb_text][et_pb_blurb title=&#8221;Therapeutic Massages Using Wood Therapy Techniques&#8221; image=&#8221;http:\/\/galasbeautyspa.com\/wp-content\/uploads\/2023\/07\/massage-therapist.png&#8221; icon_placement=&#8221;left&#8221; image_icon_width=&#8221;70px&#8221; _builder_version=&#8221;4.21.0&#8243; _module_preset=&#8221;default&#8221; header_font=&#8221;Tajawal|700|||||||&#8221; header_line_height=&#8221;1.5em&#8221; body_font_size=&#8221;16px&#8221; custom_margin=&#8221;||10px||false|false&#8221; header_font_size_tablet=&#8221;16px&#8221; header_font_size_phone=&#8221;16px&#8221; header_font_size_last_edited=&#8221;on|phone&#8221; global_colors_info=&#8221;{}&#8221;]<\/p>\n<p>En Galas, te ofrecemos masajes terap\u00e9uticos que utilizan t\u00e9cnicas de maderoterapia para brindarte una experiencia de relajaci\u00f3n y bienestar \u00fanica. Durante estos masajes, nuestros terapeutas expertos utilizan diferentes instrumentos de madera, como rodillos, copas y palos, para aplicar movimientos espec\u00edficos sobre tu cuerpo. Estos movimientos de deslizamiento, presi\u00f3n y amasamiento, combinados con la textura y calor natural de la madera, ayudan a aliviar la tensi\u00f3n muscular, reducir el estr\u00e9s y mejorar la circulaci\u00f3n sangu\u00ednea. La maderoterapia promueve la relajaci\u00f3n profunda y te permite sumergirte en una experiencia terap\u00e9utica \u00fanica.<\/p>\n<p>[\/et_pb_blurb][et_pb_blurb title=&#8221;Cellulite Reduction and Body Toning with Wood Therapy:&#8221; image=&#8221;http:\/\/galasbeautyspa.com\/wp-content\/uploads\/2023\/07\/liposuction.png&#8221; icon_placement=&#8221;left&#8221; image_icon_width=&#8221;70px&#8221; _builder_version=&#8221;4.21.0&#8243; _module_preset=&#8221;default&#8221; header_font=&#8221;Tajawal|700|||||||&#8221; header_line_height=&#8221;1.5em&#8221; body_font_size=&#8221;16px&#8221; custom_margin=&#8221;||10px||false|false&#8221; header_font_size_tablet=&#8221;16px&#8221; header_font_size_phone=&#8221;16px&#8221; header_font_size_last_edited=&#8221;on|phone&#8221; global_colors_info=&#8221;{}&#8221;]<\/p>\n<p>Adem\u00e1s de los beneficios terap\u00e9uticos, la maderoterapia tambi\u00e9n es conocida por sus efectos en la reducci\u00f3n de celulitis y la tonificaci\u00f3n corporal. Mediante el uso de diferentes herramientas de madera dise\u00f1adas espec\u00edficamente para estas \u00e1reas problem\u00e1ticas, nuestros terapeutas aplicar\u00e1n movimientos y t\u00e9cnicas especiales que ayudar\u00e1n a romper los dep\u00f3sitos de grasa y mejorar la apariencia de la piel. La maderoterapia estimula el sistema linf\u00e1tico y la circulaci\u00f3n, favoreciendo la eliminaci\u00f3n de toxinas y la reducci\u00f3n de la celulitis. Adem\u00e1s, los movimientos espec\u00edficos de la madera contribuyen a tonificar y reafirmar los tejidos, logrando una apariencia m\u00e1s suave y firme.<\/p>\n<p>[\/et_pb_blurb][\/et_pb_column][et_pb_column type=&#8221;1_2&#8243; _builder_version=&#8221;4.21.0&#8243; _module_preset=&#8221;default&#8221; animation_style=&#8221;slide&#8221; animation_direction=&#8221;top&#8221; global_colors_info=&#8221;{}&#8221;][et_pb_image src=&#8221;http:\/\/galasbeautyspa.com\/wp-content\/uploads\/2023\/07\/wepik-export-20230724200652riIs.jpeg&#8221; title_text=&#8221;wepik-export-20230724200652riIs&#8221; _builder_version=&#8221;4.21.0&#8243; _module_preset=&#8221;default&#8221; border_radii=&#8221;on|20px|20px|20px|20px&#8221; border_width_all=&#8221;10px&#8221; border_color_all=&#8221;#C47292&#8243; global_colors_info=&#8221;{}&#8221;][\/et_pb_image][\/et_pb_column][\/et_pb_row][et_pb_row _builder_version=&#8221;4.21.0&#8243; _module_preset=&#8221;default&#8221; animation_style=&#8221;slide&#8221; animation_direction=&#8221;left&#8221; global_colors_info=&#8221;{}&#8221;][et_pb_column type=&#8221;4_4&#8243; _builder_version=&#8221;4.21.0&#8243; _module_preset=&#8221;default&#8221; global_colors_info=&#8221;{}&#8221;][et_pb_text _builder_version=&#8221;4.21.0&#8243; _module_preset=&#8221;2e1ca0a8-a515-4ca3-8814-65eea4b82393&#8243; text_font=&#8221;||||||||&#8221; text_text_color=&#8221;#666666&#8243; text_font_size=&#8221;16px&#8221; text_line_height=&#8221;1.8em&#8221; link_font=&#8221;|700|||||||&#8221; link_text_color=&#8221;#71B100&#8243; text_font_size_tablet=&#8221;15px&#8221; text_font_size_phone=&#8221;14px&#8221; text_font_size_last_edited=&#8221;on|desktop&#8221; locked=&#8221;off&#8221; global_colors_info=&#8221;{}&#8221;]<\/p>\n<p>Descubre una gama completa de servicios dise\u00f1ados para satisfacer tus necesidades de belleza, bienestar y relajaci\u00f3n. Nuestro equipo de profesionales altamente capacitados te brindar\u00e1 una experiencia \u00fanica y personalizada en cada visita. \u00a1Reserva ahora y d\u00e9janos ayudarte a alcanzar tus metas de bienestar y belleza!<\/p>\n<p>[\/et_pb_text][\/et_pb_column][\/et_pb_row][\/et_pb_section][et_pb_section fb_built=&#8221;1&#8243; admin_label=&#8221;Services&#8221; _builder_version=&#8221;4.21.0&#8243; _module_preset=&#8221;default&#8221; background_color=&#8221;#F6C2BA&#8221; use_background_color_gradient=&#8221;on&#8221; background_color_gradient_stops=&#8221;rgba(196,114,146,0.47) 0%|rgba(246,194,186,0.61) 100%&#8221; background_color_gradient_overlays_image=&#8221;on&#8221; background_image=&#8221;http:\/\/galasbeautyspa.com\/wp-content\/uploads\/2023\/07\/tierna-mujer-africana-descansando-relajante-ojos-cerrados-salon-spa.jpg&#8221; background_position=&#8221;top_center&#8221; custom_padding=&#8221;131px||130px||false|false&#8221; top_divider_style=&#8221;wave2&#8243; top_divider_color=&#8221;#f7eee8&#8243; bottom_divider_style=&#8221;wave2&#8243; bottom_divider_color=&#8221;#f7eee8&#8243; locked=&#8221;off&#8221; global_colors_info=&#8221;{}&#8221; global_module=&#8221;615&#8243; theme_builder_area=&#8221;post_content&#8221;][et_pb_row column_structure=&#8221;3_5,2_5&#8243; custom_padding_last_edited=&#8221;on|tablet&#8221; _builder_version=&#8221;4.21.0&#8243; _module_preset=&#8221;default&#8221; background_color=&#8221;#0F213D&#8221; custom_padding=&#8221;80px|80px|80px|80px|true|true&#8221; custom_padding_tablet=&#8221;20px|10px|20px|10px|true|true&#8221; custom_padding_phone=&#8221;&#8221; scroll_vertical_motion_enable=&#8221;on&#8221; scroll_vertical_motion=&#8221;0|50|50|100|1|0|-1&#8243; border_radii=&#8221;on|30px|30px|30px|30px&#8221; box_shadow_style=&#8221;preset1&#8243; global_colors_info=&#8221;{}&#8221; theme_builder_area=&#8221;post_content&#8221;][et_pb_column type=&#8221;3_5&#8243; _builder_version=&#8221;4.16&#8243; _module_preset=&#8221;default&#8221; global_colors_info=&#8221;{}&#8221; theme_builder_area=&#8221;post_content&#8221;][et_pb_text _builder_version=&#8221;4.21.0&#8243; _module_preset=&#8221;c3c1179e-80e4-4396-b700-51b845e1c46f&#8221; header_2_font=&#8221;Tajawal|700|||||||&#8221; header_2_text_align=&#8221;center&#8221; header_2_text_color=&#8221;#FFFFFF&#8221; header_2_font_size=&#8221;60px&#8221; header_2_font_size_tablet=&#8221;32px&#8221; header_2_font_size_phone=&#8221;20px&#8221; header_2_font_size_last_edited=&#8221;on|phone&#8221; text_orientation_tablet=&#8221;left&#8221; text_orientation_last_edited=&#8221;off|desktop&#8221; locked=&#8221;off&#8221; global_colors_info=&#8221;{}&#8221; theme_builder_area=&#8221;post_content&#8221;]<\/p>\n<h2>\u00bfQu\u00e9 est\u00e1s esperando?<\/h2>\n<p>[\/et_pb_text][\/et_pb_column][et_pb_column type=&#8221;2_5&#8243; _builder_version=&#8221;4.16&#8243; _module_preset=&#8221;default&#8221; global_colors_info=&#8221;{}&#8221; theme_builder_area=&#8221;post_content&#8221;][et_pb_button button_url=&#8221;https:\/\/galasbeautyspa.com\/reservations&#8221; button_text=&#8221;Book now&#8221; button_alignment=&#8221;center&#8221; _builder_version=&#8221;4.21.0&#8243; _module_preset=&#8221;a8b2ad40-45d8-43e3-8f9a-d0920bb075e9&#8243; custom_button=&#8221;on&#8221; button_text_size=&#8221;18px&#8221; button_text_color=&#8221;#FFFFFF&#8221; button_bg_color=&#8221;#C47292&#8243; button_border_width=&#8221;0px&#8221; button_border_radius=&#8221;0px&#8221; button_letter_spacing=&#8221;3px&#8221; button_font=&#8221;Tajawal|700||on|||||&#8221; custom_padding=&#8221;15px|30px|15px|30px|true|true&#8221; custom_css_main_element=&#8221;display: inline;&#8221; box_shadow_style=&#8221;preset3&#8243; box_shadow_vertical=&#8221;33px&#8221; box_shadow_blur=&#8221;40px&#8221; box_shadow_spread=&#8221;-10px&#8221; box_shadow_color=&#8221;rgba(0,0,0,0.2)&#8221; locked=&#8221;off&#8221; global_colors_info=&#8221;{}&#8221; theme_builder_area=&#8221;post_content&#8221;][\/et_pb_button][\/et_pb_column][\/et_pb_row][\/et_pb_section]<\/p>","protected":false},"excerpt":{"rendered":"<p>Experience the benefits of wood therapy, a therapeutic technique using natural wood. Our services include:At Galas, we offer therapeutic massages that utilize wood therapy techniques to provide you with a unique experience of relaxation and well-being. During these massages, our expert therapists use different wooden instruments such as rollers, cups, and sticks to apply specific [&hellip;]<\/p>","protected":false},"author":1,"featured_media":0,"parent":0,"menu_order":0,"comment_status":"closed","ping_status":"closed","template":"","meta":{"_et_pb_use_builder":"on","_et_pb_old_content":"","_et_gb_content_width":""},"_links":{"self":[{"href":"http:\/\/galasbeautyspa.com\/es\/wp-json\/wp\/v2\/pages\/443"}],"collection":[{"href":"http:\/\/galasbeautyspa.com\/es\/wp-json\/wp\/v2\/pages"}],"about":[{"href":"http:\/\/galasbeautyspa.com\/es\/wp-json\/wp\/v2\/types\/page"}],"author":[{"embeddable":true,"href":"http:\/\/galasbeautyspa.com\/es\/wp-json\/wp\/v2\/users\/1"}],"replies":[{"embeddable":true,"href":"http:\/\/galasbeautyspa.com\/es\/wp-json\/wp\/v2\/comments?post=443"}],"version-history":[{"count":8,"href":"http:\/\/galasbeautyspa.com\/es\/wp-json\/wp\/v2\/pages\/443\/revisions"}],"predecessor-version":[{"id":628,"href":"http:\/\/galasbeautyspa.com\/es\/wp-json\/wp\/v2\/pages\/443\/revisions\/628"}],"wp:attachment":[{"href":"http:\/\/galasbeautyspa.com\/es\/wp-json\/wp\/v2\/media?parent=443"}],"curies":[{"name":"wp","href":"https:\/\/api.w.org\/{rel}","templated":true}]}}