{"id":584,"date":"2023-07-25T22:10:39","date_gmt":"2023-07-25T22:10:39","guid":{"rendered":"https:\/\/galasbeautyspa.com\/?page_id=584"},"modified":"2023-07-27T17:13:06","modified_gmt":"2023-07-27T17:13:06","slug":"electrostimulation","status":"publish","type":"page","link":"http:\/\/galasbeautyspa.com\/es\/electrostimulation\/","title":{"rendered":"Electroestimulaci\u00f3n"},"content":{"rendered":"<p>[et_pb_section fb_built=&#8221;1&#8243; custom_padding_last_edited=&#8221;on|phone&#8221; admin_label=&#8221;Header&#8221; _builder_version=&#8221;4.21.0&#8243; _module_preset=&#8221;default&#8221; use_background_color_gradient=&#8221;on&#8221; background_color_gradient_direction=&#8221;90deg&#8221; background_color_gradient_stops=&#8221;rgba(196,114,146,0.76) 0%|rgba(15,33,61,0.5) 100%&#8221; background_color_gradient_overlays_image=&#8221;on&#8221; background_color_gradient_start=&#8221;rgba(0,0,0,0.71)&#8221; background_color_gradient_end=&#8221;rgba(0,0,0,0)&#8221; background_image=&#8221;http:\/\/galasbeautyspa.com\/wp-content\/uploads\/2023\/07\/electroestimulacion-fisioterapia-pierna-mujer-joven_1139-1224.jpg&#8221; parallax=&#8221;on&#8221; parallax_method=&#8221;off&#8221; custom_padding=&#8221;6vw||6vw||true|false&#8221; custom_padding_phone=&#8221;||15vw||false|false&#8221; bottom_divider_style=&#8221;wave2&#8243; bottom_divider_color=&#8221;#f7eee8&#8243; global_colors_info=&#8221;{}&#8221; custom_padding_tablet=&#8221;6vw||6vw||true|false&#8221;][et_pb_row _builder_version=&#8221;4.16&#8243; _module_preset=&#8221;default&#8221; global_colors_info=&#8221;{}&#8221;][et_pb_column type=&#8221;4_4&#8243; _builder_version=&#8221;4.16&#8243; _module_preset=&#8221;default&#8221; global_colors_info=&#8221;{}&#8221;][et_pb_text _builder_version=&#8221;4.21.0&#8243; _dynamic_attributes=&#8221;content&#8221; _module_preset=&#8221;b0bf5418-994a-43d1-aef8-7d7c6764119d&#8221; text_font=&#8221;Tajawal|800|||||||&#8221; text_text_color=&#8221;#FFFFFF&#8221; text_font_size=&#8221;60px&#8221; text_line_height=&#8221;1.6em&#8221; header_font=&#8221;Tajawal|900|||||||&#8221; header_text_color=&#8221;#FFFFFF&#8221; header_font_size=&#8221;100px&#8221; max_width=&#8221;900px&#8221; hover_enabled=&#8221;0&#8243; text_font_size_tablet=&#8221;50px&#8221; text_font_size_phone=&#8221;30px&#8221; text_font_size_last_edited=&#8221;on|phone&#8221; text_line_height_tablet=&#8221;1.6em&#8221; text_line_height_phone=&#8221;1.2em&#8221; text_line_height_last_edited=&#8221;on|phone&#8221; header_font_size_tablet=&#8221;50px&#8221; header_font_size_phone=&#8221;32px&#8221; header_font_size_last_edited=&#8221;on|phone&#8221; locked=&#8221;off&#8221; global_colors_info=&#8221;{}&#8221; sticky_enabled=&#8221;0&#8243;]@ET-DC@eyJkeW5hbWljIjp0cnVlLCJjb250ZW50IjoicG9zdF90aXRsZSIsInNldHRpbmdzIjp7ImJlZm9yZSI6IiIsImFmdGVyIjoiIn19@[\/et_pb_text][\/et_pb_column][\/et_pb_row][\/et_pb_section][et_pb_section fb_built=&#8221;1&#8243; admin_label=&#8221;About&#8221; _builder_version=&#8221;4.21.0&#8243; _module_preset=&#8221;default&#8221; background_color=&#8221;#f7eee8&#8243; background_enable_image=&#8221;off&#8221; background_position=&#8221;top_center&#8221; locked=&#8221;off&#8221; global_colors_info=&#8221;{}&#8221;][et_pb_row _builder_version=&#8221;4.21.0&#8243; _module_preset=&#8221;default&#8221; animation_style=&#8221;slide&#8221; animation_direction=&#8221;left&#8221; global_colors_info=&#8221;{}&#8221;][et_pb_column type=&#8221;4_4&#8243; _builder_version=&#8221;4.21.0&#8243; _module_preset=&#8221;default&#8221; global_colors_info=&#8221;{}&#8221;][et_pb_text _builder_version=&#8221;4.21.0&#8243; _module_preset=&#8221;2e1ca0a8-a515-4ca3-8814-65eea4b82393&#8243; text_font=&#8221;||||||||&#8221; text_text_color=&#8221;#666666&#8243; text_font_size=&#8221;16px&#8221; text_line_height=&#8221;1.8em&#8221; link_font=&#8221;|700|||||||&#8221; link_text_color=&#8221;#71B100&#8243; text_font_size_tablet=&#8221;15px&#8221; text_font_size_phone=&#8221;14px&#8221; text_font_size_last_edited=&#8221;on|desktop&#8221; locked=&#8221;off&#8221; global_colors_info=&#8221;{}&#8221;]<\/p>\n<p>En Galas, te ofrecemos la electroestimulaci\u00f3n como una opci\u00f3n efectiva para tonificar y fortalecer tus m\u00fasculos de manera no invasiva. Esta tecnolog\u00eda innovadora utiliza impulsos el\u00e9ctricos suaves para estimular tus fibras musculares, imitando los impulsos naturales del sistema nervioso y promoviendo su contracci\u00f3n.<\/p>\n<p>Nuestros servicios de electroestimulaci\u00f3n est\u00e1n dise\u00f1ados para brindarte resultados visibles y duraderos en \u00e1reas espec\u00edficas del cuerpo. Estos incluyen:<\/p>\n<p>[\/et_pb_text][\/et_pb_column][\/et_pb_row][et_pb_row column_structure=&#8221;1_2,1_2&#8243; _builder_version=&#8221;4.21.0&#8243; _module_preset=&#8221;default&#8221; global_colors_info=&#8221;{}&#8221;][et_pb_column type=&#8221;1_2&#8243; _builder_version=&#8221;4.21.0&#8243; _module_preset=&#8221;default&#8221; animation_style=&#8221;slide&#8221; animation_direction=&#8221;top&#8221; global_colors_info=&#8221;{}&#8221;][et_pb_image src=&#8221;http:\/\/galasbeautyspa.com\/wp-content\/uploads\/2023\/07\/electroestimulacion-fisioterapia-pierna-mujer-joven_1139-1224.jpg&#8221; title_text=&#8221;electroestimulacion-fisioterapia-pierna-mujer-joven_1139-1224&#8243; _builder_version=&#8221;4.21.0&#8243; _module_preset=&#8221;default&#8221; border_radii=&#8221;on|20px|20px|20px|20px&#8221; border_width_all=&#8221;10px&#8221; border_color_all=&#8221;#C47292&#8243; global_colors_info=&#8221;{}&#8221;][\/et_pb_image][\/et_pb_column][et_pb_column type=&#8221;1_2&#8243; _builder_version=&#8221;4.21.0&#8243; _module_preset=&#8221;default&#8221; animation_style=&#8221;slide&#8221; animation_direction=&#8221;bottom&#8221; global_colors_info=&#8221;{}&#8221;][et_pb_blurb title=&#8221;Muscle Stimulation for Toning and Strengthening:&#8221; image=&#8221;http:\/\/galasbeautyspa.com\/wp-content\/uploads\/2023\/07\/skincare.png&#8221; icon_placement=&#8221;left&#8221; image_icon_width=&#8221;70px&#8221; _builder_version=&#8221;4.21.0&#8243; _module_preset=&#8221;default&#8221; header_font=&#8221;Tajawal|700|||||||&#8221; header_line_height=&#8221;1.5em&#8221; body_font_size=&#8221;16px&#8221; custom_margin=&#8221;||10px||false|false&#8221; header_font_size_tablet=&#8221;16px&#8221; header_font_size_phone=&#8221;16px&#8221; header_font_size_last_edited=&#8221;on|phone&#8221; global_colors_info=&#8221;{}&#8221;]<\/p>\n<p>La electroestimulaci\u00f3n es ideal para aquellos que buscan tonificar y fortalecer los m\u00fasculos. A trav\u00e9s de la aplicaci\u00f3n controlada de impulsos el\u00e9ctricos, se activan diferentes grupos musculares, promoviendo su contracci\u00f3n y proporcionando un entrenamiento efectivo. Esta t\u00e9cnica es especialmente beneficiosa para personas que desean complementar su rutina de ejercicio y lograr una mayor definici\u00f3n y firmeza muscular.<\/p>\n<p>[\/et_pb_blurb][et_pb_blurb title=&#8221;Targeted Treatments to Firm Problem Areas&#8221; image=&#8221;http:\/\/galasbeautyspa.com\/wp-content\/uploads\/2023\/07\/beauty-treatment.png&#8221; icon_placement=&#8221;left&#8221; image_icon_width=&#8221;70px&#8221; _builder_version=&#8221;4.21.0&#8243; _module_preset=&#8221;default&#8221; header_font=&#8221;Tajawal|700|||||||&#8221; header_line_height=&#8221;1.5em&#8221; body_font_size=&#8221;16px&#8221; custom_margin=&#8221;||10px||false|false&#8221; header_font_size_tablet=&#8221;16px&#8221; header_font_size_phone=&#8221;16px&#8221; header_font_size_last_edited=&#8221;on|phone&#8221; global_colors_info=&#8221;{}&#8221;]<\/p>\n<p>Si tienes \u00e1reas espec\u00edficas de tu cuerpo que deseas reafirmar, nuestros tratamientos de electroestimulaci\u00f3n pueden ayudarte. Ya sea que desees mejorar la apariencia de los brazos, el abdomen, los gl\u00fateos o las piernas, la electroestimulaci\u00f3n focalizada en estas \u00e1reas puede ayudar a fortalecer los m\u00fasculos, mejorar la firmeza y remodelar la figura.<\/p>\n<p>[\/et_pb_blurb][\/et_pb_column][\/et_pb_row][et_pb_row _builder_version=&#8221;4.21.0&#8243; _module_preset=&#8221;default&#8221; global_colors_info=&#8221;{}&#8221;][et_pb_column type=&#8221;4_4&#8243; _builder_version=&#8221;4.21.0&#8243; _module_preset=&#8221;default&#8221; global_colors_info=&#8221;{}&#8221;][et_pb_text _builder_version=&#8221;4.21.0&#8243; _module_preset=&#8221;2e1ca0a8-a515-4ca3-8814-65eea4b82393&#8243; text_font=&#8221;||||||||&#8221; text_text_color=&#8221;#666666&#8243; text_font_size=&#8221;16px&#8221; text_line_height=&#8221;1.8em&#8221; link_font=&#8221;|700|||||||&#8221; link_text_color=&#8221;#71B100&#8243; text_font_size_tablet=&#8221;15px&#8221; text_font_size_phone=&#8221;14px&#8221; text_font_size_last_edited=&#8221;on|desktop&#8221; locked=&#8221;off&#8221; global_colors_info=&#8221;{}&#8221;]<\/p>\n<p class=\" translation-block\">Nuestros terapeutas especializados te guiar\u00e1n durante todo el proceso, asegur\u00e1ndose de que el tratamiento se adapte a tus objetivos y necesidades espec\u00edficas. La electroestimulaci\u00f3n es segura y c\u00f3moda, y se puede personalizar seg\u00fan tu nivel de resistencia y tolerancia.<\/p>\n<p>[\/et_pb_text][\/et_pb_column][\/et_pb_row][\/et_pb_section][et_pb_section fb_built=&#8221;1&#8243; admin_label=&#8221;Services&#8221; _builder_version=&#8221;4.21.0&#8243; _module_preset=&#8221;default&#8221; background_color=&#8221;#F6C2BA&#8221; use_background_color_gradient=&#8221;on&#8221; background_color_gradient_stops=&#8221;rgba(196,114,146,0.47) 0%|rgba(246,194,186,0.61) 100%&#8221; background_color_gradient_overlays_image=&#8221;on&#8221; background_image=&#8221;http:\/\/galasbeautyspa.com\/wp-content\/uploads\/2023\/07\/tierna-mujer-africana-descansando-relajante-ojos-cerrados-salon-spa.jpg&#8221; background_position=&#8221;top_center&#8221; custom_padding=&#8221;131px||130px||false|false&#8221; top_divider_style=&#8221;wave2&#8243; top_divider_color=&#8221;#f7eee8&#8243; bottom_divider_style=&#8221;wave2&#8243; bottom_divider_color=&#8221;#f7eee8&#8243; global_module=&#8221;615&#8243; locked=&#8221;off&#8221; global_colors_info=&#8221;{}&#8221;][et_pb_row column_structure=&#8221;3_5,2_5&#8243; custom_padding_last_edited=&#8221;on|tablet&#8221; _builder_version=&#8221;4.21.0&#8243; _module_preset=&#8221;default&#8221; background_color=&#8221;#0F213D&#8221; custom_padding=&#8221;80px|80px|80px|80px|true|true&#8221; custom_padding_tablet=&#8221;20px|10px|20px|10px|true|true&#8221; custom_padding_phone=&#8221;&#8221; scroll_vertical_motion_enable=&#8221;on&#8221; scroll_vertical_motion=&#8221;0|50|50|100|1|0|-1&#8243; border_radii=&#8221;on|30px|30px|30px|30px&#8221; box_shadow_style=&#8221;preset1&#8243; global_colors_info=&#8221;{}&#8221;][et_pb_column type=&#8221;3_5&#8243; _builder_version=&#8221;4.16&#8243; _module_preset=&#8221;default&#8221; global_colors_info=&#8221;{}&#8221;][et_pb_text _builder_version=&#8221;4.21.0&#8243; _module_preset=&#8221;c3c1179e-80e4-4396-b700-51b845e1c46f&#8221; header_2_font=&#8221;Tajawal|700|||||||&#8221; header_2_text_align=&#8221;center&#8221; header_2_text_color=&#8221;#FFFFFF&#8221; header_2_font_size=&#8221;60px&#8221; header_2_font_size_tablet=&#8221;32px&#8221; header_2_font_size_phone=&#8221;20px&#8221; header_2_font_size_last_edited=&#8221;on|phone&#8221; text_orientation_tablet=&#8221;left&#8221; text_orientation_last_edited=&#8221;off|desktop&#8221; locked=&#8221;off&#8221; global_colors_info=&#8221;{}&#8221;]<\/p>\n<h2>\u00bfQu\u00e9 est\u00e1s esperando?<\/h2>\n<p>[\/et_pb_text][\/et_pb_column][et_pb_column type=&#8221;2_5&#8243; _builder_version=&#8221;4.16&#8243; _module_preset=&#8221;default&#8221; global_colors_info=&#8221;{}&#8221;][et_pb_button button_url=&#8221;https:\/\/galasbeautyspa.com\/reservations&#8221; button_text=&#8221;Book now&#8221; button_alignment=&#8221;center&#8221; _builder_version=&#8221;4.21.0&#8243; _module_preset=&#8221;a8b2ad40-45d8-43e3-8f9a-d0920bb075e9&#8243; custom_button=&#8221;on&#8221; button_text_size=&#8221;18px&#8221; button_text_color=&#8221;#FFFFFF&#8221; button_bg_color=&#8221;#C47292&#8243; button_border_width=&#8221;0px&#8221; button_border_radius=&#8221;0px&#8221; button_letter_spacing=&#8221;3px&#8221; button_font=&#8221;Tajawal|700||on|||||&#8221; custom_padding=&#8221;15px|30px|15px|30px|true|true&#8221; custom_css_main_element=&#8221;display: inline;&#8221; box_shadow_style=&#8221;preset3&#8243; box_shadow_vertical=&#8221;33px&#8221; box_shadow_blur=&#8221;40px&#8221; box_shadow_spread=&#8221;-10px&#8221; box_shadow_color=&#8221;rgba(0,0,0,0.2)&#8221; locked=&#8221;off&#8221; global_colors_info=&#8221;{}&#8221;][\/et_pb_button][\/et_pb_column][\/et_pb_row][\/et_pb_section]<\/p>","protected":false},"excerpt":{"rendered":"<p>Electrostimulation At Galas, we offer electrostimulation as an effective option for toning and strengthening your muscles in a non-invasive way. This innovative technology utilizes gentle electrical impulses to stimulate your muscle fibers, mimicking the natural impulses of the nervous system and promoting their contraction. Our electrostimulation services are designed to provide visible and long-lasting results [&hellip;]<\/p>","protected":false},"author":1,"featured_media":0,"parent":0,"menu_order":0,"comment_status":"closed","ping_status":"closed","template":"","meta":{"_et_pb_use_builder":"on","_et_pb_old_content":"","_et_gb_content_width":""},"_links":{"self":[{"href":"http:\/\/galasbeautyspa.com\/es\/wp-json\/wp\/v2\/pages\/584"}],"collection":[{"href":"http:\/\/galasbeautyspa.com\/es\/wp-json\/wp\/v2\/pages"}],"about":[{"href":"http:\/\/galasbeautyspa.com\/es\/wp-json\/wp\/v2\/types\/page"}],"author":[{"embeddable":true,"href":"http:\/\/galasbeautyspa.com\/es\/wp-json\/wp\/v2\/users\/1"}],"replies":[{"embeddable":true,"href":"http:\/\/galasbeautyspa.com\/es\/wp-json\/wp\/v2\/comments?post=584"}],"version-history":[{"count":8,"href":"http:\/\/galasbeautyspa.com\/es\/wp-json\/wp\/v2\/pages\/584\/revisions"}],"predecessor-version":[{"id":624,"href":"http:\/\/galasbeautyspa.com\/es\/wp-json\/wp\/v2\/pages\/584\/revisions\/624"}],"wp:attachment":[{"href":"http:\/\/galasbeautyspa.com\/es\/wp-json\/wp\/v2\/media?parent=584"}],"curies":[{"name":"wp","href":"https:\/\/api.w.org\/{rel}","templated":true}]}}